{"id":294,"date":"2025-02-04T13:31:20","date_gmt":"2025-02-04T13:31:20","guid":{"rendered":"https:\/\/www.digitalrapids.de\/?page_id=294"},"modified":"2025-04-24T14:57:28","modified_gmt":"2025-04-24T14:57:28","slug":"interim-fuehrung-bei-fuehrendem-oekostromanbieter","status":"publish","type":"page","link":"https:\/\/www.digitalrapids.de\/en\/referenzen\/interim-fuehrung-bei-fuehrendem-oekostromanbieter\/","title":{"rendered":"Interim Management at Leading Green Energy Provider"},"content":{"rendered":"<div class=\"wp-block-group pointer-events-none is-vertical is-content-justification-stretch is-layout-flex wp-container-core-group-is-layout-db49a8dc wp-block-group-is-layout-flex\" style=\"min-height:90vh;margin-bottom:var(--wp--preset--spacing--80);padding-right:0;padding-left:0\">\n<div class=\"wp-block-group wp-container-content-9cfa9a5a is-vertical is-content-justification-left is-layout-flex wp-container-core-group-is-layout-dd225191 wp-block-group-is-layout-flex\">\n<div class=\"wp-block-group alignwide pointer-events-none has-xx-large-font-size wp-container-content-9cfa9a5a is-vertical is-layout-flex wp-container-core-group-is-layout-d6b9ab57 wp-block-group-is-layout-flex\">\n<p class=\"has-text-align-left contrast-shadow has-custom-gold-color has-text-color has-link-color has-large-font-size wp-elements-33036122526a2bb2b7e4e25ae220c52d\" style=\"font-style:normal;font-weight:1000;text-transform:uppercase\">Bridge &amp; Transform<\/p>\n\n\n\n<h1 class=\"wp-block-heading contrast-shadow o-typing-fast has-base-color has-text-color has-link-color wp-elements-a4ff1e8a5f6eb56b54cfb9d230d9bef9\" style=\"font-size:clamp(35.2px, 2.2rem + ((1vw - 3.2px) * 2.25), 64px);font-style:normal;font-weight:1000;text-transform:none\"><o-anim-typing>Interim Management at Leading Green Energy Provider<\/o-anim-typing><\/h1>\n<\/div>\n<\/div>\n\n\n\n<div class=\"wp-block-group has-global-padding is-layout-constrained wp-block-group-is-layout-constrained\">\n<div class=\"wp-block-buttons wp-container-content-9cfa9a5a is-content-justification-center is-layout-flex wp-container-core-buttons-is-layout-5b5683f2 wp-block-buttons-is-layout-flex\">\n<div class=\"wp-block-button animated rubberBand pointer-events-auto delay-500ms\"><a class=\"wp-block-button__link has-large-font-size has-custom-font-size wp-element-button\" href=\"#s-intro\" style=\"border-radius:100px;padding-top:var(--wp--preset--spacing--40);padding-bottom:var(--wp--preset--spacing--40)\"><i class=\"fas fa-chevron-down\"><\/i><\/a><\/div>\n<\/div>\n<\/div>\n<\/div>\n\n\n\n<div class=\"wp-block-group alignfull is-layout-flow wp-block-group-is-layout-flow\">\n<div id=\"s-intro\" class=\"wp-block-group has-global-padding is-layout-constrained wp-block-group-is-layout-constrained\" style=\"margin-top:var(--wp--preset--spacing--50);margin-bottom:var(--wp--preset--spacing--50);padding-top:var(--wp--preset--spacing--50);padding-bottom:var(--wp--preset--spacing--50)\">\n<div class=\"wp-block-media-text has-media-on-the-right is-stacked-on-mobile\"><div class=\"wp-block-media-text__content\">\n<h2 class=\"wp-block-heading\">Bridge &amp; Transform<\/h2>\n\n\n\n<h3 class=\"wp-block-heading\">CIO &amp; Director Product<\/h3>\n\n\n\n<p>Bridging C-level management and (re)organizing the digital product organization with interim CIO and Director Product roles.<\/p>\n\n\n\n<p>The transformation included introducing a new ERP system and filling key roles in Product, IT, and Director positions.<\/p>\n<\/div><figure class=\"wp-block-media-text__media\"><img loading=\"lazy\" decoding=\"async\" width=\"1024\" height=\"678\" src=\"https:\/\/www.digitalrapids.de\/wp-content\/uploads\/2025\/02\/arteum-ro-ZYu6P9-Glic-unsplash-1024x678.webp\" alt=\"\" class=\"wp-image-286 size-full\" srcset=\"https:\/\/www.digitalrapids.de\/wp-content\/uploads\/2025\/02\/arteum-ro-ZYu6P9-Glic-unsplash-1024x678.webp 1024w, https:\/\/www.digitalrapids.de\/wp-content\/uploads\/2025\/02\/arteum-ro-ZYu6P9-Glic-unsplash-300x199.webp 300w, https:\/\/www.digitalrapids.de\/wp-content\/uploads\/2025\/02\/arteum-ro-ZYu6P9-Glic-unsplash-768x509.webp 768w, https:\/\/www.digitalrapids.de\/wp-content\/uploads\/2025\/02\/arteum-ro-ZYu6P9-Glic-unsplash-1536x1017.webp 1536w, https:\/\/www.digitalrapids.de\/wp-content\/uploads\/2025\/02\/arteum-ro-ZYu6P9-Glic-unsplash-2048x1356.webp 2048w, https:\/\/www.digitalrapids.de\/wp-content\/uploads\/2025\/02\/arteum-ro-ZYu6P9-Glic-unsplash-18x12.webp 18w\" sizes=\"auto, (max-width: 1024px) 100vw, 1024px\" \/><\/figure><\/div>\n\n\n\n<div class=\"wp-block-columns is-layout-flex wp-container-core-columns-is-layout-28f84493 wp-block-columns-is-layout-flex\">\n<div class=\"wp-block-column is-layout-flow wp-block-column-is-layout-flow\" style=\"flex-basis:33.34%\">\n<div class=\"wp-block-group has-background has-global-padding is-layout-constrained wp-container-core-group-is-layout-52009084 wp-block-group-is-layout-constrained\" style=\"border-radius:8px;background:linear-gradient(135deg,rgba(33,33,33,0.84) 0%,rgba(143,143,143,0.84) 100%);min-height:100%;padding-top:var(--wp--preset--spacing--40);padding-right:var(--wp--preset--spacing--40);padding-bottom:var(--wp--preset--spacing--40);padding-left:var(--wp--preset--spacing--40)\">\n<p class=\"has-text-align-center o-count-delay-200ms has-accent-3-color has-text-color has-link-color has-xx-large-font-size wp-elements-58bae66433d9e9caa94409bb73bffa8e\" style=\"font-style:normal;font-weight:700\"><o-anim-count>7<\/o-anim-count><\/p>\n\n\n\n<p class=\"has-text-align-center\" style=\"font-style:normal;font-weight:700\">months until launch<\/p>\n<\/div>\n<\/div>\n\n\n\n<div class=\"wp-block-column is-layout-flow wp-block-column-is-layout-flow\" style=\"flex-basis:33.34%\">\n<div class=\"wp-block-group has-background has-global-padding is-layout-constrained wp-container-core-group-is-layout-52009084 wp-block-group-is-layout-constrained\" style=\"border-radius:8px;background:linear-gradient(135deg,rgba(33,33,33,0.84) 0%,rgba(143,143,143,0.84) 100%);min-height:100%;padding-top:var(--wp--preset--spacing--40);padding-right:var(--wp--preset--spacing--40);padding-bottom:var(--wp--preset--spacing--40);padding-left:var(--wp--preset--spacing--40)\">\n<p class=\"has-text-align-center o-count-delay-200ms has-accent-3-color has-text-color has-link-color has-xx-large-font-size wp-elements-b5bbef0a587734085da92fbfc56beac9\" style=\"font-style:normal;font-weight:700\"><o-anim-count>15<\/o-anim-count><\/p>\n\n\n\n<p class=\"has-text-align-center\" style=\"font-style:normal;font-weight:700\">experts hired<\/p>\n<\/div>\n<\/div>\n\n\n\n<div class=\"wp-block-column is-layout-flow wp-block-column-is-layout-flow\" style=\"flex-basis:33.33%\">\n<div class=\"wp-block-group has-background has-global-padding is-layout-constrained wp-container-core-group-is-layout-52009084 wp-block-group-is-layout-constrained\" style=\"border-radius:8px;background:linear-gradient(135deg,rgba(33,33,33,0.84) 0%,rgba(143,143,143,0.84) 100%);min-height:100%;padding-top:var(--wp--preset--spacing--40);padding-right:var(--wp--preset--spacing--40);padding-bottom:var(--wp--preset--spacing--40);padding-left:var(--wp--preset--spacing--40)\">\n<p class=\"has-text-align-center o-count-delay-200ms has-accent-3-color has-text-color has-link-color has-xx-large-font-size wp-elements-cac50a653fc0dbc77d8f881047d47df5\" style=\"font-style:normal;font-weight:700\"><o-anim-count>28.000<\/o-anim-count><\/p>\n\n\n\n<p class=\"has-text-align-center\" style=\"font-style:normal;font-weight:700\">new tariffs<\/p>\n<\/div>\n<\/div>\n<\/div>\n<\/div>\n\n\n\n<div class=\"wp-block-group alignfull has-global-padding is-layout-constrained wp-block-group-is-layout-constrained\">\n<div class=\"wp-block-group alignfull has-contrast-color has-base-background-color has-text-color has-background has-link-color wp-elements-b7da503f7f84acb414ad2d3cf42edc17 has-global-padding is-layout-constrained wp-block-group-is-layout-constrained\" style=\"margin-top:0;margin-bottom:0;padding-top:var(--wp--preset--spacing--40);padding-bottom:var(--wp--preset--spacing--40)\">\n<div class=\"wp-block-group has-global-padding is-layout-constrained wp-container-core-group-is-layout-eab2946b wp-block-group-is-layout-constrained\" style=\"margin-top:0;margin-bottom:0;padding-top:var(--wp--preset--spacing--40);padding-right:0;padding-bottom:var(--wp--preset--spacing--40);padding-left:0\">\n<h2 class=\"wp-block-heading has-large-font-size\">Situation<\/h2>\n\n\n\n<ul class=\"wp-block-list\">\n<li>Energy provider with 400 employees, pioneer<\/li>\n\n\n\n<li>Self-developed ERP system, large and competent team<\/li>\n\n\n\n<li>Products not ready for digital sales<\/li>\n\n\n\n<li>One-size-fits-all tariff model and end of life cycle<\/li>\n\n\n\n<li>New business with solar, wall boxes, wind parks only possible with workarounds<\/li>\n\n\n\n<li>Vacant position for technical responsibility<\/li>\n\n\n\n<li>Decision for a new ERP platform already made<\/li>\n\n\n\n<li>High uncertainty among the workforce<\/li>\n<\/ul>\n<\/div>\n\n\n\n<div class=\"wp-block-cover alignfull is-light has-parallax\"><div class=\"wp-block-cover__image-background wp-image-301 has-parallax\" style=\"background-position:50% 50%;background-image:url(https:\/\/www.digitalrapids.de\/wp-content\/uploads\/2025\/02\/solar-panels.webp)\"><\/div><span aria-hidden=\"true\" class=\"wp-block-cover__background has-background-dim\" style=\"background-color:#6f93ae\"><\/span><div class=\"wp-block-cover__inner-container has-global-padding is-layout-constrained wp-block-cover-is-layout-constrained\">\n<p class=\"has-text-align-center has-large-font-size\"><\/p>\n<\/div><\/div>\n\n\n\n<div class=\"wp-block-group has-global-padding is-layout-constrained wp-container-core-group-is-layout-165138f9 wp-block-group-is-layout-constrained\" style=\"margin-top:var(--wp--preset--spacing--40);margin-bottom:var(--wp--preset--spacing--40);padding-top:var(--wp--preset--spacing--40);padding-right:0;padding-bottom:var(--wp--preset--spacing--40);padding-left:0\">\n<h2 class=\"wp-block-heading has-large-font-size\">Mandate<\/h2>\n\n\n\n<ul class=\"wp-block-list\">\n<li>Interim assumption of CIO responsibilities <\/li>\n\n\n\n<li>Consolidation of IT departments and specializations through personal contact<\/li>\n\n\n\n<li>Re-platforming ERP processes into a new SaaS system with IT and department staff, active involvement of SaaS provider with relevant employees<\/li>\n\n\n\n<li>Development of a future organizational model and processes<\/li>\n\n\n\n<li>Establishment of the \u201cDirector Product\u201d role across software development<\/li>\n\n\n\n<li>Step-by-step implementation project with the first commercial go-live after 7 months<\/li>\n\n\n\n<li>Continuation through comprehensive, quarterly managed company roadmaps<\/li>\n\n\n\n<li>Change management and hiring of experts including CTO successor<\/li>\n<\/ul>\n<\/div>\n\n\n\n<div class=\"wp-block-group has-global-padding is-layout-constrained wp-container-core-group-is-layout-165138f9 wp-block-group-is-layout-constrained\" style=\"margin-top:var(--wp--preset--spacing--40);margin-bottom:var(--wp--preset--spacing--40);padding-top:var(--wp--preset--spacing--40);padding-right:0;padding-bottom:var(--wp--preset--spacing--40);padding-left:0\">\n<h2 class=\"wp-block-heading has-large-font-size\">Achievements<\/h2>\n\n\n\n<ul class=\"wp-block-list\">\n<li>Enablement of new business models and digital sales (wall boxes, solar systems, tenant electricity)<\/li>\n\n\n\n<li>Complete system overhaul with nearly full retention of staff<\/li>\n\n\n\n<li>Successful scaling of existing business through numerous individual tariffs for better contribution margins<\/li>\n\n\n\n<li>5-figure new contract closures per month via digital channels immediately after launch<\/li>\n\n\n\n<li>Integrated sales via new CRM and transparency for management<\/li>\n\n\n\n<li>Modernization with almost full retention of staff<\/li>\n\n\n\n<li>State-of-the-art software development process<\/li>\n\n\n\n<li>New culture of dynamism within the company<\/li>\n\n\n\n<li>Rise to the third-largest sustainable provider<\/li>\n<\/ul>\n<\/div>\n<\/div>\n<\/div>\n<\/div>","protected":false},"excerpt":{"rendered":"<p>Bridge &amp; Transform Interim-F\u00fchrung bei f\u00fchrendem \u00d6kostromanbieter Bridge &amp; Transform CIO &amp; Director Product \u00dcberbr\u00fcckung im C-Level Management und (Re-)Organisation der digitalen Product Organisation mit entsprechender Interim- Besetzung des CIO und Director Product. Die Transformation beinhaltete zudem die Einf\u00fchrung einer neuen ERP-Software sowie die langfristige Nachbesetzung von Schl\u00fcsselrollen und F\u00fchrungspositionen (CTO, Product Manager, IT Projektleiter, [&hellip;]<\/p>\n","protected":false},"author":1,"featured_media":286,"parent":281,"menu_order":0,"comment_status":"closed","ping_status":"closed","template":"wp-custom-template-project-reference","meta":{"inline_featured_image":false,"project_order":1,"footnotes":""},"class_list":["post-294","page","type-page","status-publish","has-post-thumbnail","hentry"],"yoast_head":"<!-- This site is optimized with the Yoast SEO plugin v27.5 - https:\/\/yoast.com\/product\/yoast-seo-wordpress\/ -->\n<title>Interim-F\u00fchrung bei f\u00fchrendem \u00d6kostromanbieter - digital rapids<\/title>\n<meta name=\"description\" content=\"Interim C-Level Management und Director Product f\u00fchren IT- und Produkt- Reorganisation mit neuem ERP System durch\" \/>\n<meta name=\"robots\" content=\"index, follow, max-snippet:-1, max-image-preview:large, max-video-preview:-1\" \/>\n<link rel=\"canonical\" href=\"https:\/\/www.digitalrapids.de\/en\/referenzen\/interim-fuehrung-bei-fuehrendem-oekostromanbieter\/\" \/>\n<meta property=\"og:locale\" content=\"en_US\" \/>\n<meta property=\"og:type\" content=\"article\" \/>\n<meta property=\"og:title\" content=\"Interim-F\u00fchrung bei f\u00fchrendem \u00d6kostromanbieter - digital rapids\" \/>\n<meta property=\"og:description\" content=\"Interim C-Level Management und Director Product f\u00fchren IT- und Produkt- Reorganisation mit neuem ERP System durch\" \/>\n<meta property=\"og:url\" content=\"https:\/\/www.digitalrapids.de\/en\/referenzen\/interim-fuehrung-bei-fuehrendem-oekostromanbieter\/\" \/>\n<meta property=\"og:site_name\" content=\"digital rapids\" \/>\n<meta property=\"article:modified_time\" content=\"2025-04-24T14:57:28+00:00\" \/>\n<meta property=\"og:image\" content=\"https:\/\/www.digitalrapids.de\/wp-content\/uploads\/2025\/02\/arteum-ro-ZYu6P9-Glic-unsplash-scaled.webp\" \/>\n\t<meta property=\"og:image:width\" content=\"2560\" \/>\n\t<meta property=\"og:image:height\" content=\"1696\" \/>\n\t<meta property=\"og:image:type\" content=\"image\/webp\" \/>\n<meta name=\"twitter:card\" content=\"summary_large_image\" \/>\n<meta name=\"twitter:label1\" content=\"Est. reading time\" \/>\n\t<meta name=\"twitter:data1\" content=\"2 minutes\" \/>\n<script type=\"application\/ld+json\" class=\"yoast-schema-graph\">{\"@context\":\"https:\\\/\\\/schema.org\",\"@graph\":[{\"@type\":\"WebPage\",\"@id\":\"https:\\\/\\\/www.digitalrapids.de\\\/referenzen\\\/interim-fuehrung-bei-fuehrendem-oekostromanbieter\\\/\",\"url\":\"https:\\\/\\\/www.digitalrapids.de\\\/referenzen\\\/interim-fuehrung-bei-fuehrendem-oekostromanbieter\\\/\",\"name\":\"Interim-F\u00fchrung bei f\u00fchrendem \u00d6kostromanbieter - digital rapids\",\"isPartOf\":{\"@id\":\"https:\\\/\\\/www.digitalrapids.de\\\/#website\"},\"primaryImageOfPage\":{\"@id\":\"https:\\\/\\\/www.digitalrapids.de\\\/referenzen\\\/interim-fuehrung-bei-fuehrendem-oekostromanbieter\\\/#primaryimage\"},\"image\":{\"@id\":\"https:\\\/\\\/www.digitalrapids.de\\\/referenzen\\\/interim-fuehrung-bei-fuehrendem-oekostromanbieter\\\/#primaryimage\"},\"thumbnailUrl\":\"https:\\\/\\\/www.digitalrapids.de\\\/wp-content\\\/uploads\\\/2025\\\/02\\\/arteum-ro-ZYu6P9-Glic-unsplash-scaled.webp\",\"datePublished\":\"2025-02-04T13:31:20+00:00\",\"dateModified\":\"2025-04-24T14:57:28+00:00\",\"description\":\"Interim C-Level Management und Director Product f\u00fchren IT- und Produkt- Reorganisation mit neuem ERP System durch\",\"breadcrumb\":{\"@id\":\"https:\\\/\\\/www.digitalrapids.de\\\/referenzen\\\/interim-fuehrung-bei-fuehrendem-oekostromanbieter\\\/#breadcrumb\"},\"inLanguage\":\"en-US\",\"potentialAction\":[{\"@type\":\"ReadAction\",\"target\":[\"https:\\\/\\\/www.digitalrapids.de\\\/referenzen\\\/interim-fuehrung-bei-fuehrendem-oekostromanbieter\\\/\"]}]},{\"@type\":\"ImageObject\",\"inLanguage\":\"en-US\",\"@id\":\"https:\\\/\\\/www.digitalrapids.de\\\/referenzen\\\/interim-fuehrung-bei-fuehrendem-oekostromanbieter\\\/#primaryimage\",\"url\":\"https:\\\/\\\/www.digitalrapids.de\\\/wp-content\\\/uploads\\\/2025\\\/02\\\/arteum-ro-ZYu6P9-Glic-unsplash-scaled.webp\",\"contentUrl\":\"https:\\\/\\\/www.digitalrapids.de\\\/wp-content\\\/uploads\\\/2025\\\/02\\\/arteum-ro-ZYu6P9-Glic-unsplash-scaled.webp\",\"width\":2560,\"height\":1696},{\"@type\":\"BreadcrumbList\",\"@id\":\"https:\\\/\\\/www.digitalrapids.de\\\/referenzen\\\/interim-fuehrung-bei-fuehrendem-oekostromanbieter\\\/#breadcrumb\",\"itemListElement\":[{\"@type\":\"ListItem\",\"position\":1,\"name\":\"Home\",\"item\":\"https:\\\/\\\/www.digitalrapids.de\\\/\"},{\"@type\":\"ListItem\",\"position\":2,\"name\":\"Referenzen\",\"item\":\"https:\\\/\\\/www.digitalrapids.de\\\/referenzen\\\/\"},{\"@type\":\"ListItem\",\"position\":3,\"name\":\"Interim-F\u00fchrung bei f\u00fchrendem \u00d6kostromanbieter\"}]},{\"@type\":\"WebSite\",\"@id\":\"https:\\\/\\\/www.digitalrapids.de\\\/#website\",\"url\":\"https:\\\/\\\/www.digitalrapids.de\\\/\",\"name\":\"digital rapids\",\"description\":\"bridge. establish. transform.\",\"publisher\":{\"@id\":\"https:\\\/\\\/www.digitalrapids.de\\\/#organization\"},\"potentialAction\":[{\"@type\":\"SearchAction\",\"target\":{\"@type\":\"EntryPoint\",\"urlTemplate\":\"https:\\\/\\\/www.digitalrapids.de\\\/?s={search_term_string}\"},\"query-input\":{\"@type\":\"PropertyValueSpecification\",\"valueRequired\":true,\"valueName\":\"search_term_string\"}}],\"inLanguage\":\"en-US\"},{\"@type\":\"Organization\",\"@id\":\"https:\\\/\\\/www.digitalrapids.de\\\/#organization\",\"name\":\"digital rapids\",\"url\":\"https:\\\/\\\/www.digitalrapids.de\\\/\",\"logo\":{\"@type\":\"ImageObject\",\"inLanguage\":\"en-US\",\"@id\":\"https:\\\/\\\/www.digitalrapids.de\\\/#\\\/schema\\\/logo\\\/image\\\/\",\"url\":\"https:\\\/\\\/www.digitalrapids.de\\\/wp-content\\\/uploads\\\/2025\\\/02\\\/digitalrapids-2024-Logo-RGB_neg.svg\",\"contentUrl\":\"https:\\\/\\\/www.digitalrapids.de\\\/wp-content\\\/uploads\\\/2025\\\/02\\\/digitalrapids-2024-Logo-RGB_neg.svg\",\"caption\":\"digital rapids\"},\"image\":{\"@id\":\"https:\\\/\\\/www.digitalrapids.de\\\/#\\\/schema\\\/logo\\\/image\\\/\"}}]}<\/script>\n<!-- \/ Yoast SEO plugin. -->","yoast_head_json":{"title":"Interim-F\u00fchrung bei f\u00fchrendem \u00d6kostromanbieter - digital rapids","description":"Interim C-Level Management und Director Product f\u00fchren IT- und Produkt- Reorganisation mit neuem ERP System durch","robots":{"index":"index","follow":"follow","max-snippet":"max-snippet:-1","max-image-preview":"max-image-preview:large","max-video-preview":"max-video-preview:-1"},"canonical":"https:\/\/www.digitalrapids.de\/en\/referenzen\/interim-fuehrung-bei-fuehrendem-oekostromanbieter\/","og_locale":"en_US","og_type":"article","og_title":"Interim-F\u00fchrung bei f\u00fchrendem \u00d6kostromanbieter - digital rapids","og_description":"Interim C-Level Management und Director Product f\u00fchren IT- und Produkt- Reorganisation mit neuem ERP System durch","og_url":"https:\/\/www.digitalrapids.de\/en\/referenzen\/interim-fuehrung-bei-fuehrendem-oekostromanbieter\/","og_site_name":"digital rapids","article_modified_time":"2025-04-24T14:57:28+00:00","og_image":[{"width":2560,"height":1696,"url":"https:\/\/www.digitalrapids.de\/wp-content\/uploads\/2025\/02\/arteum-ro-ZYu6P9-Glic-unsplash-scaled.webp","type":"image\/webp"}],"twitter_card":"summary_large_image","twitter_misc":{"Est. reading time":"2 minutes"},"schema":{"@context":"https:\/\/schema.org","@graph":[{"@type":"WebPage","@id":"https:\/\/www.digitalrapids.de\/referenzen\/interim-fuehrung-bei-fuehrendem-oekostromanbieter\/","url":"https:\/\/www.digitalrapids.de\/referenzen\/interim-fuehrung-bei-fuehrendem-oekostromanbieter\/","name":"Interim-F\u00fchrung bei f\u00fchrendem \u00d6kostromanbieter - digital rapids","isPartOf":{"@id":"https:\/\/www.digitalrapids.de\/#website"},"primaryImageOfPage":{"@id":"https:\/\/www.digitalrapids.de\/referenzen\/interim-fuehrung-bei-fuehrendem-oekostromanbieter\/#primaryimage"},"image":{"@id":"https:\/\/www.digitalrapids.de\/referenzen\/interim-fuehrung-bei-fuehrendem-oekostromanbieter\/#primaryimage"},"thumbnailUrl":"https:\/\/www.digitalrapids.de\/wp-content\/uploads\/2025\/02\/arteum-ro-ZYu6P9-Glic-unsplash-scaled.webp","datePublished":"2025-02-04T13:31:20+00:00","dateModified":"2025-04-24T14:57:28+00:00","description":"Interim C-Level Management und Director Product f\u00fchren IT- und Produkt- Reorganisation mit neuem ERP System durch","breadcrumb":{"@id":"https:\/\/www.digitalrapids.de\/referenzen\/interim-fuehrung-bei-fuehrendem-oekostromanbieter\/#breadcrumb"},"inLanguage":"en-US","potentialAction":[{"@type":"ReadAction","target":["https:\/\/www.digitalrapids.de\/referenzen\/interim-fuehrung-bei-fuehrendem-oekostromanbieter\/"]}]},{"@type":"ImageObject","inLanguage":"en-US","@id":"https:\/\/www.digitalrapids.de\/referenzen\/interim-fuehrung-bei-fuehrendem-oekostromanbieter\/#primaryimage","url":"https:\/\/www.digitalrapids.de\/wp-content\/uploads\/2025\/02\/arteum-ro-ZYu6P9-Glic-unsplash-scaled.webp","contentUrl":"https:\/\/www.digitalrapids.de\/wp-content\/uploads\/2025\/02\/arteum-ro-ZYu6P9-Glic-unsplash-scaled.webp","width":2560,"height":1696},{"@type":"BreadcrumbList","@id":"https:\/\/www.digitalrapids.de\/referenzen\/interim-fuehrung-bei-fuehrendem-oekostromanbieter\/#breadcrumb","itemListElement":[{"@type":"ListItem","position":1,"name":"Home","item":"https:\/\/www.digitalrapids.de\/"},{"@type":"ListItem","position":2,"name":"Referenzen","item":"https:\/\/www.digitalrapids.de\/referenzen\/"},{"@type":"ListItem","position":3,"name":"Interim-F\u00fchrung bei f\u00fchrendem \u00d6kostromanbieter"}]},{"@type":"WebSite","@id":"https:\/\/www.digitalrapids.de\/#website","url":"https:\/\/www.digitalrapids.de\/","name":"digital rapids","description":"bridge. establish. transform.","publisher":{"@id":"https:\/\/www.digitalrapids.de\/#organization"},"potentialAction":[{"@type":"SearchAction","target":{"@type":"EntryPoint","urlTemplate":"https:\/\/www.digitalrapids.de\/?s={search_term_string}"},"query-input":{"@type":"PropertyValueSpecification","valueRequired":true,"valueName":"search_term_string"}}],"inLanguage":"en-US"},{"@type":"Organization","@id":"https:\/\/www.digitalrapids.de\/#organization","name":"digital rapids","url":"https:\/\/www.digitalrapids.de\/","logo":{"@type":"ImageObject","inLanguage":"en-US","@id":"https:\/\/www.digitalrapids.de\/#\/schema\/logo\/image\/","url":"https:\/\/www.digitalrapids.de\/wp-content\/uploads\/2025\/02\/digitalrapids-2024-Logo-RGB_neg.svg","contentUrl":"https:\/\/www.digitalrapids.de\/wp-content\/uploads\/2025\/02\/digitalrapids-2024-Logo-RGB_neg.svg","caption":"digital rapids"},"image":{"@id":"https:\/\/www.digitalrapids.de\/#\/schema\/logo\/image\/"}}]}},"_links":{"self":[{"href":"https:\/\/www.digitalrapids.de\/en\/wp-json\/wp\/v2\/pages\/294","targetHints":{"allow":["GET"]}}],"collection":[{"href":"https:\/\/www.digitalrapids.de\/en\/wp-json\/wp\/v2\/pages"}],"about":[{"href":"https:\/\/www.digitalrapids.de\/en\/wp-json\/wp\/v2\/types\/page"}],"author":[{"embeddable":true,"href":"https:\/\/www.digitalrapids.de\/en\/wp-json\/wp\/v2\/users\/1"}],"replies":[{"embeddable":true,"href":"https:\/\/www.digitalrapids.de\/en\/wp-json\/wp\/v2\/comments?post=294"}],"version-history":[{"count":22,"href":"https:\/\/www.digitalrapids.de\/en\/wp-json\/wp\/v2\/pages\/294\/revisions"}],"predecessor-version":[{"id":924,"href":"https:\/\/www.digitalrapids.de\/en\/wp-json\/wp\/v2\/pages\/294\/revisions\/924"}],"up":[{"embeddable":true,"href":"https:\/\/www.digitalrapids.de\/en\/wp-json\/wp\/v2\/pages\/281"}],"wp:featuredmedia":[{"embeddable":true,"href":"https:\/\/www.digitalrapids.de\/en\/wp-json\/wp\/v2\/media\/286"}],"wp:attachment":[{"href":"https:\/\/www.digitalrapids.de\/en\/wp-json\/wp\/v2\/media?parent=294"}],"curies":[{"name":"wp","href":"https:\/\/api.w.org\/{rel}","templated":true}]}}